{"id":782,"date":"2018-08-30T18:50:48","date_gmt":"2018-08-30T21:50:48","guid":{"rendered":"https:\/\/isfdni-for.infd.edu.ar\/sitio\/historia\/"},"modified":"2022-06-28T03:32:57","modified_gmt":"2022-06-28T06:32:57","slug":"historia","status":"publish","type":"page","link":"https:\/\/isfdni-for.infd.edu.ar\/sitio\/historia\/","title":{"rendered":"Historia"},"content":{"rendered":"\n<div class=\"wp-block-group has-black-color has-pale-pink-background-color has-text-color has-background\"><div class=\"wp-block-group__inner-container is-layout-flow\">\n<h3 style=\"text-align: center;\"><strong>Historia del Instituto Superior de Formaci\u00f3n Docente para el Nivel <\/strong><strong>Inicial desde su inicio en 1981.<\/strong><\/h3>\n<p><strong>Toda instituci\u00f3n construye su espacio de acci\u00f3n. Esta construcci\u00f3n, a lo largo de una historia, le permite organizarse internamente, acceder a determinados sitiales en el contexto pr\u00f3ximo y proyectarse a escenarios cada vez m\u00e1s amplios de participaci\u00f3n y adhesi\u00f3n comunitaria. En la memoria de las instituciones se conserva el bagaje de dep\u00f3sitos que las comunidades realizaron, invirtiendo las necesidades b\u00e1sicas de consolidarse como grupos con una identidad e idiosincrasia particular. El Instituto Superior de Formaci\u00f3n Docente para el Nivel Inicial de Formosa (Argentina) no escapa a esa maduraci\u00f3n propia de toda organizaci\u00f3n. Adhiere y reacciona ante los cambios y permanencias, y de este modo se configura con un estilo particular, en un \u00e1mbito educativo urgente de decisiones. Esta secci\u00f3n del libro se constituye en la primera parte de una larga cronolog\u00eda de hechos y visiones, una historia que contin\u00faa escribi\u00e9ndose a diario. Pero las primeras p\u00e1ginas corresponden a la creaci\u00f3n de una carrera docente y a un nivel particularmente significativo: la educaci\u00f3n inicial. La carrera Profesorado para la Ense\u00f1anza Pre-Primaria de la ciudad de Formosa se cre\u00f3 14 de enero de 1981, fecha de sanci\u00f3n del Decreto N\u00ba 51\/81 (documento emanado de la Secretar\u00eda de Cultura y Educaci\u00f3n de la provincia Formosa). Entre las consideraciones del mismo, se explicita la necesidad de :1\u201dla formaci\u00f3n especializada de los recursos humanos para los distintos sectores, teniendo en cuenta el crecimiento del nivel pre-primario, cuya estad\u00edstica demuestra el aumento de la demanda en cuanto a la poblaci\u00f3n de cuatro y cinco a\u00f1os\u201d. Posteriormente, el plan de estudio de dicha carrera fue modificado y aprobado por Ley N\u00ba 622\/86 y Decreto N\u00ba 1421\/86, poni\u00e9ndose en marcha a partir de 1981 y hasta 1996, inclusive, con la misma denominaci\u00f3n: Profesorado para la Ense\u00f1anza Pre Primaria. En marzo de 1981, con el comienzo del ciclo lectivo, se inicia formalmente el Profesorado para la Ense\u00f1anza Pre \u2013 Primaria. En ese entonces, se constitu\u00eda como oferta educativa del Instituto Superior de Formaci\u00f3n Docente (hoy, \u201cF\u00e9lix\u00a0\u00a0Atilio Cabrera\u201d).<\/strong><\/p>\n<p><img decoding=\"async\" loading=\"lazy\" class=\"aligncenter\" style=\"text-align: center;\" title=\"1983-Primera Promoci\u00f3n de Profesoras para la\" src=\"https:\/\/isfdni-for.infd.edu.ar\/sitio\/wp-content\/uploads\/2018\/08\/Imagen1-1.jpg\" alt=\"1983-Primera Promoci\u00f3n de Profesoras para la\" width=\"537\" height=\"376\" border=\"0\" \/><\/p>\n<p style=\"text-align: center;\"><strong>1983-Primera Promoci\u00f3n de Profesoras para la Ense\u00f1anza Pre-Primaria<\/strong><\/p>\n<p style=\"text-align: center;\"><span style=\"font-size: 12pt;\">\u00a0<\/span><\/p>\n<p style=\"text-align: center;\">\u00a0<\/p>\n<\/div><\/div>\n","protected":false},"excerpt":{"rendered":"<p>Historia del Instituto Superior de Formaci\u00f3n Docente para el Nivel Inicial desde su inicio en 1981. Toda instituci\u00f3n construye su espacio de acci\u00f3n. Esta construcci\u00f3n, a lo largo de una historia, le permite organizarse internamente, acceder a determinados sitiales en el contexto pr\u00f3ximo y proyectarse a escenarios cada vez m\u00e1s amplios de participaci\u00f3n y adhesi\u00f3n &#8230; <a title=\"Historia\" class=\"read-more\" href=\"https:\/\/isfdni-for.infd.edu.ar\/sitio\/historia\/\" aria-label=\"More on Historia\">[+]<\/a><\/p>\n","protected":false},"author":175,"featured_media":0,"parent":0,"menu_order":0,"comment_status":"closed","ping_status":"closed","template":"","meta":[],"acf":[],"_links":{"self":[{"href":"https:\/\/isfdni-for.infd.edu.ar\/sitio\/wp-json\/wp\/v2\/pages\/782"}],"collection":[{"href":"https:\/\/isfdni-for.infd.edu.ar\/sitio\/wp-json\/wp\/v2\/pages"}],"about":[{"href":"https:\/\/isfdni-for.infd.edu.ar\/sitio\/wp-json\/wp\/v2\/types\/page"}],"author":[{"embeddable":true,"href":"https:\/\/isfdni-for.infd.edu.ar\/sitio\/wp-json\/wp\/v2\/users\/175"}],"replies":[{"embeddable":true,"href":"https:\/\/isfdni-for.infd.edu.ar\/sitio\/wp-json\/wp\/v2\/comments?post=782"}],"version-history":[{"count":12,"href":"https:\/\/isfdni-for.infd.edu.ar\/sitio\/wp-json\/wp\/v2\/pages\/782\/revisions"}],"predecessor-version":[{"id":1192,"href":"https:\/\/isfdni-for.infd.edu.ar\/sitio\/wp-json\/wp\/v2\/pages\/782\/revisions\/1192"}],"wp:attachment":[{"href":"https:\/\/isfdni-for.infd.edu.ar\/sitio\/wp-json\/wp\/v2\/media?parent=782"}],"curies":[{"name":"wp","href":"https:\/\/api.w.org\/{rel}","templated":true}]}}