{"id":773,"date":"2018-08-30T18:50:44","date_gmt":"2018-08-30T21:50:44","guid":{"rendered":"https:\/\/isfdni-for.infd.edu.ar\/sitio\/datos-institucionales\/"},"modified":"2023-01-25T09:42:34","modified_gmt":"2023-01-25T12:42:34","slug":"datos-institucionales","status":"publish","type":"page","link":"https:\/\/isfdni-for.infd.edu.ar\/sitio\/datos-institucionales\/","title":{"rendered":"Datos institucionales"},"content":{"rendered":"<blockquote><p><span style=\"font-size: 10pt; font-family: verdana;\">\u00a0<\/span><\/p>\n<p style=\"text-align: center;\"><span style=\"color: #800000;\"><span style=\"font-size: 14pt;\"><strong>Instituto Superior de Formaci\u00f3n Docente y T\u00e9cnica para el Nivel Inicial<\/strong><\/span><\/span><\/p>\n<ul>\n<li>\n<h2><span style=\"font-size: 10pt; font-family: verdana;\">Horarios de atenci\u00f3n: <strong>de 18:00 a 22:00hs<\/strong><\/span><\/h2>\n<\/li>\n<li><span style=\"font-size: 10pt; font-family: verdana;\">Direcci\u00f3n:\u00a0<\/span><strong><span style=\"font-size: 12pt; font-family: Times New Roman;\"><span style=\"font-size: 12pt; font-family: Times New Roman;\">B\u00b0 Emilio Tomas Manzana 38<\/span><\/span><\/strong><\/li>\n<\/ul>\n<h5>\u00a0 \u00a0 \u00a0 \u00a0 \u00a0 \u00a0 \u00a0 \u00a0 \u00a0 \u00a0 \u00a0 \u00a0 \u00a0 \u00a0 \u00a0 <a href=\"https:\/\/goo.gl\/maps\/258kkS3gxNArN2us7\"><img decoding=\"async\" loading=\"lazy\" class=\"alignnone  wp-image-1233\" src=\"https:\/\/isfdni-for.infd.edu.ar\/sitio\/wp-content\/uploads\/2023\/01\/ISFD-Ubicacion-1000x665.gif\" alt=\"\" width=\"166\" height=\"110\" srcset=\"https:\/\/isfdni-for.infd.edu.ar\/sitio\/wp-content\/uploads\/2023\/01\/ISFD-Ubicacion-1000x665.gif 1000w, https:\/\/isfdni-for.infd.edu.ar\/sitio\/wp-content\/uploads\/2023\/01\/ISFD-Ubicacion-768x511.gif 768w\" sizes=\"(max-width: 166px) 100vw, 166px\" \/><\/a><\/h5>\n<ul>\n<li><strong><span style=\"font-size: 12pt; color: #054378; font-family: Times New Roman;\"><span style=\"font-size: 12pt; color: #054378; font-family: Times New Roman;\"><span style=\"font-size: 12pt; color: #054378; font-family: Times New Roman;\"><span style=\"font-size: 12pt; color: #054378; font-family: Times New Roman;\">Celular directora Carmen Romero<\/span>: \u00a03704546129<\/span><\/span><\/span><span style=\"font-size: 12pt; color: #054378; font-family: Times New Roman;\"><span style=\"font-size: 12pt; color: #054378; font-family: Times New Roman;\"><br \/>\n<\/span><\/span><\/strong><\/li>\n<\/ul>\n<\/blockquote>\n","protected":false},"excerpt":{"rendered":"<p>\u00a0 Instituto Superior de Formaci\u00f3n Docente y T\u00e9cnica para el Nivel Inicial Horarios de atenci\u00f3n: de 18:00 a 22:00hs Direcci\u00f3n:\u00a0B\u00b0 Emilio Tomas Manzana 38 \u00a0 \u00a0 \u00a0 \u00a0 \u00a0 \u00a0 \u00a0 \u00a0 \u00a0 \u00a0 \u00a0 \u00a0 \u00a0 \u00a0 \u00a0 Celular directora Carmen Romero: \u00a03704546129<\/p>\n","protected":false},"author":175,"featured_media":0,"parent":0,"menu_order":0,"comment_status":"closed","ping_status":"closed","template":"","meta":[],"acf":[],"_links":{"self":[{"href":"https:\/\/isfdni-for.infd.edu.ar\/sitio\/wp-json\/wp\/v2\/pages\/773"}],"collection":[{"href":"https:\/\/isfdni-for.infd.edu.ar\/sitio\/wp-json\/wp\/v2\/pages"}],"about":[{"href":"https:\/\/isfdni-for.infd.edu.ar\/sitio\/wp-json\/wp\/v2\/types\/page"}],"author":[{"embeddable":true,"href":"https:\/\/isfdni-for.infd.edu.ar\/sitio\/wp-json\/wp\/v2\/users\/175"}],"replies":[{"embeddable":true,"href":"https:\/\/isfdni-for.infd.edu.ar\/sitio\/wp-json\/wp\/v2\/comments?post=773"}],"version-history":[{"count":3,"href":"https:\/\/isfdni-for.infd.edu.ar\/sitio\/wp-json\/wp\/v2\/pages\/773\/revisions"}],"predecessor-version":[{"id":1234,"href":"https:\/\/isfdni-for.infd.edu.ar\/sitio\/wp-json\/wp\/v2\/pages\/773\/revisions\/1234"}],"wp:attachment":[{"href":"https:\/\/isfdni-for.infd.edu.ar\/sitio\/wp-json\/wp\/v2\/media?parent=773"}],"curies":[{"name":"wp","href":"https:\/\/api.w.org\/{rel}","templated":true}]}}