{"id":286,"date":"2016-10-31T13:17:59","date_gmt":"2016-10-31T16:17:59","guid":{"rendered":"https:\/\/isfdni-for.infd.edu.ar\/sitio\/?page_id=286"},"modified":"2023-01-25T09:48:34","modified_gmt":"2023-01-25T12:48:34","slug":"inicio","status":"publish","type":"page","link":"https:\/\/isfdni-for.infd.edu.ar\/sitio\/","title":{"rendered":"Inicio"},"content":{"rendered":"<div id=\"metaslider-id-1203\" style=\"width: 100%;\" class=\"ml-slider-3-33-0 metaslider metaslider-flex metaslider-1203 ml-slider ms-theme-default\" role=\"region\" aria-roledescription=\"Slideshow\" aria-label=\"Slideshow\">\n    <div id=\"metaslider_container_1203\">\n        <div id=\"metaslider_1203\" class=\"flexslider\">\n            <ul aria-live=\"polite\" class=\"slides\">\n                <li style=\"display: block; width: 100%;\" class=\"slide-1205 ms-image\" aria-roledescription=\"slide\" aria-label=\"slide-1205\"><img src=\"https:\/\/isfdni-for.infd.edu.ar\/sitio\/wp-content\/uploads\/2022\/06\/5-908x318.jpg\" height=\"438\" width=\"1251\" alt=\"\" class=\"slider-1203 slide-1205\" title=\"5\" \/><\/li>\n                <li style=\"display: none; width: 100%;\" class=\"slide-1207 ms-image\" aria-roledescription=\"slide\" aria-label=\"slide-1207\"><img src=\"https:\/\/isfdni-for.infd.edu.ar\/sitio\/wp-content\/uploads\/2022\/06\/3-908x318.jpg\" height=\"438\" width=\"1251\" alt=\"\" class=\"slider-1203 slide-1207\" title=\"3\" \/><\/li>\n                <li style=\"display: none; width: 100%;\" class=\"slide-1209 ms-image\" aria-roledescription=\"slide\" aria-label=\"slide-1209\"><img src=\"https:\/\/isfdni-for.infd.edu.ar\/sitio\/wp-content\/uploads\/2022\/06\/4-908x318.jpg\" height=\"438\" width=\"1251\" alt=\"\" class=\"slider-1203 slide-1209\" title=\"4\" \/><\/li>\n                <li style=\"display: none; width: 100%;\" class=\"slide-1316 ms-image\" aria-roledescription=\"slide\" aria-label=\"slide-1316\"><img src=\"https:\/\/isfdni-for.infd.edu.ar\/sitio\/wp-content\/uploads\/2026\/03\/Comunicado-Postitulo-Validacion--1131x395.jpg\" height=\"438\" width=\"1251\" alt=\"\" class=\"slider-1203 slide-1316\" title=\"Comunicado-Postitulo-Validacion-\" \/><\/li>\n            <\/ul>\n        <\/div>\n        \n    <\/div>\n<\/div>\n<p style=\"text-align: center;\"><span style=\"color: #0073ff;\"><strong><em>Escuela N\u00b0. 435 Mar\u00eda Eva Duarte de Per\u00f3n &#8211; pertenece a la educaci\u00f3n p\u00fablica estatal, <\/em><\/strong><\/span><\/p>\n<p style=\"text-align: center;\"><span style=\"color: #0073ff;\"><strong><em>Direcci\u00f3n: Barrio Emilio Tom\u00e1s &#8211; (CP: 3600) Formosa, provincia de Formosa.<\/em><\/strong><\/span><\/p>\n<p><span style=\"color: #0073ff;\">Este Instituto Superior de Formaci\u00f3n Docente forma parte del sistema de educaci\u00f3n p\u00fablica de gesti\u00f3n estatal. A trav\u00e9s de este sitio en Internet, nuestro Instituto podr\u00e1 comunicar novedades, acercar informaci\u00f3n, compartir experiencias y brindar apoyo y asesoramiento a\u00a0alumnos, docentes e interesados en formar parte de esta comunidad educativa.<\/span><\/p>\n<p>&nbsp;<\/p>\n<p>&nbsp;<\/p>\n<p>&nbsp;<\/p>\n<p>&nbsp;<\/p>\n<p style=\"text-align: right;\"><span style=\"color: #0073ff;\">Directora: Carmen Isavel Romero<\/span><\/p>\n","protected":false},"excerpt":{"rendered":"<p>Escuela N\u00b0. 435 Mar\u00eda Eva Duarte de Per\u00f3n &#8211; pertenece a la educaci\u00f3n p\u00fablica estatal, Direcci\u00f3n: Barrio Emilio Tom\u00e1s &#8211; (CP: 3600) Formosa, provincia de Formosa. Este Instituto Superior de Formaci\u00f3n Docente forma parte del sistema de educaci\u00f3n p\u00fablica de gesti\u00f3n estatal. A trav\u00e9s de este sitio en Internet, nuestro Instituto podr\u00e1 comunicar novedades, acercar &#8230; <a title=\"Inicio\" class=\"read-more\" href=\"https:\/\/isfdni-for.infd.edu.ar\/sitio\/\" aria-label=\"More on Inicio\">[+]<\/a><\/p>\n","protected":false},"author":353,"featured_media":0,"parent":0,"menu_order":0,"comment_status":"closed","ping_status":"closed","template":"","meta":[],"acf":[],"_links":{"self":[{"href":"https:\/\/isfdni-for.infd.edu.ar\/sitio\/wp-json\/wp\/v2\/pages\/286"}],"collection":[{"href":"https:\/\/isfdni-for.infd.edu.ar\/sitio\/wp-json\/wp\/v2\/pages"}],"about":[{"href":"https:\/\/isfdni-for.infd.edu.ar\/sitio\/wp-json\/wp\/v2\/types\/page"}],"author":[{"embeddable":true,"href":"https:\/\/isfdni-for.infd.edu.ar\/sitio\/wp-json\/wp\/v2\/users\/353"}],"replies":[{"embeddable":true,"href":"https:\/\/isfdni-for.infd.edu.ar\/sitio\/wp-json\/wp\/v2\/comments?post=286"}],"version-history":[{"count":182,"href":"https:\/\/isfdni-for.infd.edu.ar\/sitio\/wp-json\/wp\/v2\/pages\/286\/revisions"}],"predecessor-version":[{"id":1236,"href":"https:\/\/isfdni-for.infd.edu.ar\/sitio\/wp-json\/wp\/v2\/pages\/286\/revisions\/1236"}],"wp:attachment":[{"href":"https:\/\/isfdni-for.infd.edu.ar\/sitio\/wp-json\/wp\/v2\/media?parent=286"}],"curies":[{"name":"wp","href":"https:\/\/api.w.org\/{rel}","templated":true}]}}