{"id":1193,"date":"2022-06-28T03:36:01","date_gmt":"2022-06-28T06:36:01","guid":{"rendered":"https:\/\/isfdni-for.infd.edu.ar\/sitio\/?page_id=1193"},"modified":"2022-06-28T03:36:02","modified_gmt":"2022-06-28T06:36:02","slug":"construye-con-tic","status":"publish","type":"page","link":"https:\/\/isfdni-for.infd.edu.ar\/sitio\/construye-con-tic\/","title":{"rendered":"CONSTRUYE CON TIC"},"content":{"rendered":"\n<h1 class=\"wp-block-heading\">Newspaper Club \u2013 Crea peri\u00f3dicos en l\u00ednea<\/h1>\n\n\n\n<p>INGRESA A :&nbsp;<a href=\"https:\/\/www.newspaperclub.com\/\">https:\/\/www.newspaperclub.com\/<\/a><\/p>\n\n\n\n<figure class=\"wp-block-image\"><img decoding=\"async\" src=\"https:\/\/www.educarchile.cl\/sites\/default\/files\/2020-01\/Portada_newspaper%20club.PNG\" alt=\"Portada Newspaper Club\" title=\"Portada Newspaper Club\"\/><\/figure>\n\n\n\n<h4 class=\"wp-block-heading\">\u00bfQU\u00c9 ES?<\/h4>\n\n\n\n<p>Newspaper Club es una herramienta web que permite:<\/p>\n\n\n\n<ul><li>Crear peri\u00f3dicos utilizando una plantilla predise\u00f1ada o comenzando en blanco.<\/li><li>Adjuntar im\u00e1genes desde el computador o desde la web.<\/li><li>Redactar art\u00edculos propios o embeberlos desde la web.<\/li><li>Realizar cambios de dise\u00f1o y tipograf\u00eda.<\/li><li>Descargar los peri\u00f3dicos creados en formato .pdf.<\/li><\/ul>\n\n\n\n<h4 class=\"wp-block-heading\">\u00bfC\u00d3MO SE USA?<\/h4>\n\n\n\n<ol><li>Ingresa en Newspaper Club desde tu computador y haz clic en \u201cSign Up\u201d para registrarte. Coloca tu direcci\u00f3n de mail y contrase\u00f1a.<\/li><li>Selecciona \u201cStart ARTHR\u201d. ARTHR es el editor para dise\u00f1ar peri\u00f3dicos (este software no fue creado para dispositivos m\u00f3viles ni tablets).<\/li><li>Edita el peri\u00f3dico: escribe el nombre, completa el t\u00edtulo y texto del art\u00edculo, cambia la tipograf\u00eda, agrega im\u00e1genes.<\/li><li>Haz clic en \u201cSave and exit\u201d para guardar tu peri\u00f3dico cuando hayas finalizado la edici\u00f3n. Luego lo encontrar\u00e1s en la secci\u00f3n \u201cMy Newspapers\u201d.<\/li><li>Para descargarlo, haz clic en el bot\u00f3n \u201cView\/Order paper\u201d. Ten en cuenta que la intenci\u00f3n del sitio es que los usuarios generen peri\u00f3dicos para luego mandarlos a imprimir con costo, por lo que encontrar\u00e1s en el margen derecho opciones de compra. Sin embargo, si haces clic en el bot\u00f3n de descarga, podr\u00e1s descargarlo digitalmente en .pdf de forma gratuita.<\/li><li>Este sitio se encuentra en ingl\u00e9s. Si necesitas traducirlo, te recomendamos utilizar un traductor online.<\/li><\/ol>\n\n\n\n<p>__________________________________________________________________________________________________________________________<\/p>\n\n\n\n<h1 class=\"wp-block-heading\">Genial.ly \u2013 Dise\u00f1ar im\u00e1genes interactivas<\/h1>\n\n\n\n<p>INGRESA A:&nbsp;<a href=\"https:\/\/www.genial.ly\/\">https:\/\/www.genial.ly\/<\/a><\/p>\n\n\n\n<figure class=\"wp-block-image\"><img decoding=\"async\" src=\"https:\/\/www.educarchile.cl\/sites\/default\/files\/2020-01\/Portada_genially.PNG\" alt=\"Portada genially\" title=\"Portada genially\"\/><\/figure>\n\n\n\n<h4 class=\"wp-block-heading\">\u00bfPARA QU\u00c9 SE USA?<\/h4>\n\n\n\n<p>Genial.ly es una herramienta web que pemite:<\/p>\n\n\n\n<ul><li>Dise\u00f1ar im\u00e1genes interactivas, l\u00edneas de tiempo, curriculums vitae, mapas, calendarios, certificados, postales, presentaciones, infograf\u00edas, \u00e1lbumes de fotos, y m\u00e1s, partiendo de plantillas pre dise\u00f1adas.<\/li><li>Incluir en el dise\u00f1o ilustraciones, formas, mapas, GIFs e \u00edconos con movimiento ofrecidos por Genial.ly.<\/li><li>Embeber archivos, v\u00eddeos, audios, fotos y m\u00e1s desde las redes sociales.<\/li><li>A\u00f1adir im\u00e1genes desde la computadora\/tablet o desde internet.<\/li><li>Agregar texto con diferentes tipograf\u00edas, colores y tama\u00f1os.<\/li><li>Animar los elementos que se utilicen en el dise\u00f1o, o animar toda la p\u00e1gina incluso d\u00e1ndole formato de v\u00eddeo.<\/li><li>Realizar trabajos colaborativos.<\/li><li>Compartir el dise\u00f1o final en las redes sociales.<\/li><\/ul>\n\n\n\n<h4 class=\"wp-block-heading\">\u00bfC\u00d3MO SE USA?<\/h4>\n\n\n\n<ol><li>Realiza tu registro en Genial.ly utilizando tu mail, cuenta de Google o Facebook.<\/li><li>Selecciona tu perfil (docente o estudiante entre otras opciones).<\/li><li>Selecciona el producto interactivo que quieres crear: infograf\u00eda, presentaci\u00f3n, calendario, curriculum vitae, etc.<\/li><li>Elige una plantilla (las que dicen \u00abPremium\u00bb no son gratuitas). Podr\u00e1s previsualizarla primero haciendo clic en \u00abVer\u00bb.<\/li><li>Edita la plantilla que has seleccionado utilizando la barra de herramientas.<\/li><li>Los cambios se ir\u00e1n guardando autom\u00e1ticamente.<\/li><li>Si lo deseas, comparte el dise\u00f1o editable con otros usuarios o comparte el dise\u00f1o final en redes sociales, sitios web o por mail.<\/li><\/ol>\n\n\n\n<p>_________________________________________________________________________________________________________________________<\/p>\n\n\n\n<h1 class=\"wp-block-heading\">Pixton \u2013 Generador de historietas<\/h1>\n\n\n\n<p>INGRESA A :&nbsp;<a href=\"https:\/\/www.pixton.com\/\">https:\/\/www.pixton.com\/<\/a><\/p>\n\n\n\n<figure class=\"wp-block-image\"><img decoding=\"async\" src=\"https:\/\/www.educarchile.cl\/sites\/default\/files\/2020-01\/Portada_pixton.PNG\" alt=\"Portada Pixton\" title=\"Portada Pixton\"\/><\/figure>\n\n\n\n<h4 class=\"wp-block-heading\">\u00bfPARA QU\u00c9 SE USA?<\/h4>\n\n\n\n<p>Pixton es un generador de historietas que permite:<\/p>\n\n\n\n<ul><li>Crear personajes y avatars con m\u00faltiples dise\u00f1os.<\/li><li>A\u00f1adirles expresiones y posturas.<\/li><li>Personalizar los escenarios.<\/li><li>A\u00f1adir objetos.<\/li><li>Acercar o alejar los elementos que conforman cada escena.<\/li><li>Insertar y editar bocadillos y cuadros de di\u00e1logo.<\/li><li>Compartir en Internet los c\u00f3mics.<\/li><\/ul>\n\n\n\n<h4 class=\"wp-block-heading\">\u00bfC\u00d3MO SE USA?<\/h4>\n\n\n\n<ol><li>Reg\u00edstrate en Pixton o ingresa a trav\u00e9s de Google o Facebook.<\/li><li>Elige entre crear un c\u00f3mic, un personaje o una escena.<\/li><li>Selecciona los personajes, objetos, fondos y cuadros de di\u00e1logo que formar\u00e1n parte de tu historieta.<\/li><li>Elige un t\u00edtulo para tu trabajo.<\/li><li>Pulsa el bot\u00f3n \u201cGuardar y continuar\u201d.<\/li><li>En la pesta\u00f1a \u201cMis C\u00f3mics\u201d encontrar\u00e1s tus trabajos realizados en Pixto.<\/li><\/ol>\n\n\n\n<p>___________________________________________________________________________________________________________________________<\/p>\n\n\n\n<h1 class=\"wp-block-heading\">Prezi \u2013 presentaciones din\u00e1micas<\/h1>\n\n\n\n<p>INGRESA A:&nbsp;<a href=\"https:\/\/prezi.com\/\">https:\/\/prezi.com\/<\/a><\/p>\n\n\n\n<figure class=\"wp-block-image\"><img decoding=\"async\" src=\"https:\/\/www.educarchile.cl\/sites\/default\/files\/2020-02\/Portada_prezi.png\" alt=\"Portada Prezi\" title=\"Portada Prezi\"\/><\/figure>\n\n\n\n<h4 class=\"wp-block-heading\">\u00bfPARA QU\u00c9 SE USA?<\/h4>\n\n\n\n<p>Prezi es un muro digital dise\u00f1ado para crear y publicar presentaciones. Con esta herramienta podr\u00e1s:<\/p>\n\n\n\n<ul><li>Realizar presentaciones din\u00e1micas creando una ruta entre los objetos presentados.<\/li><li>Incluir imagen, sonido, v\u00eddeo y texto.<\/li><li>Elegir plantillas predise\u00f1adas o personalizar el dise\u00f1o de la presentaci\u00f3n y las fuentes.<\/li><li>Crear una presentaci\u00f3n de manera colaborativa.<\/li><li>Compartir tu presentaci\u00f3n con otras personas.<\/li><li>Descargar la presentaci\u00f3n a la computadora o verla online.<\/li><li>Publicar la presentaci\u00f3n en un blog, sitio web o red social.<\/li><li>Buscar otros prezis ya elaborados y editarlos libremente, as\u00ed como dejar que otras personas tomen nuestro prezi y lo modifiquen.<\/li><li>Interactuar con otros usuarios a trav\u00e9s de comentarios.<\/li><\/ul>\n\n\n\n<h4 class=\"wp-block-heading\">\u00bfC\u00d3MO SE USA?<\/h4>\n\n\n\n<ol><li>Reg\u00edstrate en Prezi con tu mail o ingresa utilizando Facebook o LinkedIn.<\/li><li>Elige la opci\u00f3n de \u201cNuevo Prezi\u201d para comenzar (se paciente, tarda un poco).<\/li><li>Elige una plantilla (podr\u00e1s cambiarle los detalles como fuente o colores luego).<\/li><li>Col\u00f3cale t\u00edtulo a tu trabajo.<\/li><li>Agrega marcos (c\u00edrculos, corchetes o rect\u00e1ngulos invisibles). Cada marco equivaldr\u00e1 a una diapositiva.<\/li><li>Inserta los textos, im\u00e1genes, videos y audios que desees.<\/li><li>Crea un orden de presentaci\u00f3n (es decir, una ruta) para las diapositivas y los elementos que contiene.<\/li><li>Los cambios se ir\u00e1n guardando autom\u00e1ticamente cada cierto tiempo.<\/li><li>Tu prezi ya est\u00e1 listo para compartir.<\/li><li>Recuerda que tu prezi es p\u00fablico y tiene licencia libre para ser modificado por otras personas.<\/li><li>Para m\u00e1s informaci\u00f3n, aqu\u00ed encontrar\u00e1s un videotutorial perteneciente al sitio oficial de Prezi.<\/li><\/ol>\n\n\n\n<p>__________________________________________________________________________________________________________________________<\/p>\n\n\n\n<h1 class=\"wp-block-heading\">Kahoot \u2013 Crear juegos<\/h1>\n\n\n\n<p>INGRESA A:&nbsp;<a href=\"https:\/\/kahoot.com\/schools-u\/\">https:\/\/kahoot.com\/schools-u\/<\/a><\/p>\n\n\n\n<figure class=\"wp-block-image\"><img decoding=\"async\" src=\"https:\/\/www.educarchile.cl\/sites\/default\/files\/2020-01\/Portada_kahoot.png\" alt=\"Portada Kahoot\" title=\"Portada Kahoot\"\/><\/figure>\n\n\n\n<h4 class=\"wp-block-heading\">\u00bfQU\u00c9 ES?<\/h4>\n\n\n\n<p>Kahoot es una herramienta web que permite:<\/p>\n\n\n\n<ul><li>Crear presentaciones\/juegos interactivos en los que pueden participar varias personas a la vez,&nbsp;a trav\u00e9s de dispositivos electr\u00f3nicos.<\/li><li>Cuestionarios tipo trivia (preguntas con puntuaci\u00f3n y competici\u00f3n entre los participantes), &nbsp;discusiones (una sola pregunta que da lugar a un debate, sin puntaje), encuestas (preguntas sin puntaje, s\u00f3lo se recogen los resultados num\u00e9ricos).<\/li><li>Ver los resultados de la informaci\u00f3n recabada en la presentaci\u00f3n.<\/li><li>Agregar im\u00e1genes y v\u00eddeos a la presentaci\u00f3n.<\/li><li>Limitar el tiempo de respuesta para cada pregunta si as\u00ed se desea.<\/li><\/ul>\n\n\n\n<h4 class=\"wp-block-heading\">\u00bfC\u00d3MO SE USA?<\/h4>\n\n\n\n<ol><li>Si deseas crear una presentaci\u00f3n, es necesario que te registres como usuario en Kahoot. Para ello deber\u00e1s tener una cuenta de mail, y especificar si eres estudiante (mayor o menor de 16 a\u00f1os) o docente.<\/li><li>Aquellos que van a participar del juego que tu has creado, no necesitan tener una cuenta en Kahoot, s\u00f3lo tienen que visitar Kahoot.it desde cualquier dispositivo y a continuaci\u00f3n, introducir el c\u00f3digo PIN que tu les dar\u00e1s para que se unan a la actividad.<\/li><li>Este sitio se encuentra en ingl\u00e9s. Si necesitas traducirlo, te recomendamos utilizar un traductor online.<\/li><\/ol>\n\n\n\n<p>___________________________________________________________________________________________________________________________<\/p>\n\n\n\n<h1 class=\"wp-block-heading\">Google Sites<\/h1>\n\n\n\n<p>INGRESA A:&nbsp;<a href=\"https:\/\/sites.google.com\/new\">https:\/\/sites.google.com\/new<\/a><\/p>\n\n\n\n<figure class=\"wp-block-image\"><img decoding=\"async\" src=\"https:\/\/www.educarchile.cl\/sites\/default\/files\/2020-01\/Portada_google_sites.png\" alt=\"Portada Google Sites\" title=\"Portada Google Sites\"\/><\/figure>\n\n\n\n<h4 class=\"wp-block-heading\">\u00bfPARA QU\u00c9 SE USA?<\/h4>\n\n\n\n<p>Google Sites es una aplicaci\u00f3n de Google&nbsp;que permite:<\/p>\n\n\n\n<ul><li>Crear un sitio web.<\/li><li>Insertar texto, im\u00e1genes, v\u00ednculos, videos, sonidos, gr\u00e1ficos, tablas, foros, etc. en el sitio.<\/li><li>Utilizar plantillas pre-dise\u00f1adas o crear nuestro propio dise\u00f1o.<\/li><li>Trabajar individualmente o de forma colaborativa a distancia.<\/li><li>Compartir tu sitio web concediendo permisos de edici\u00f3n o solo de lectura.<\/li><\/ul>\n\n\n\n<h4 class=\"wp-block-heading\">\u00bfC\u00d3MO SE USA?<\/h4>\n\n\n\n<ol><li>Para poder utilizar Google Sites es necesario tener una cuenta de Gmail.<\/li><li>Elige la opci\u00f3n \u201cCREAR\u201d en la p\u00e1gina principal.<\/li><li>Selecciona una plantilla para utilizar.<\/li><li>Elige el nombre del sitio.<\/li><li>Selecciona un dise\u00f1o.<\/li><li>Crea y edita nuevas p\u00e1ginas para que aparezcan en tu sitio web.<\/li><li>Guarda los cambios que vayas realizando con el bot\u00f3n \u201cGuardar\u201d.<\/li><li>Comparte y brinda permisos de edici\u00f3n.<\/li><\/ol>\n\n\n\n<p>___________________________________________________________________________________________________________________________<\/p>\n\n\n\n<h1 class=\"wp-block-heading\">Socrative \u2013 crea juegos interactivos<\/h1>\n\n\n\n<p>INGRESA A :&nbsp;<a href=\"https:\/\/www.socrative.com\/\">https:\/\/www.socrative.com\/<\/a><\/p>\n\n\n\n<figure class=\"wp-block-image\"><img decoding=\"async\" src=\"https:\/\/www.educarchile.cl\/sites\/default\/files\/2020-02\/Portada_socrative.png\" alt=\"Portada Socrative\" title=\"Portada Socrative\"\/><\/figure>\n\n\n\n<h4 class=\"wp-block-heading\">\u00bfPARA QU\u00c9 SE USA?<\/h4>\n\n\n\n<p>Socrative es una herramienta interactiva en l\u00ednea, que permite:<\/p>\n\n\n\n<ul><li>Crear encuestas, cuestionarios y juegos interactivos en los que pueda participar una diversa cantidad de gente en tiempo real a trav\u00e9s de dispositivos electr\u00f3nicos.<\/li><li>Recabar respuestas inmediatas de parte de los participantes y\/o grupos (cantidad de personas que ya han respondido y resultados en directo).<\/li><li>Obtener un informe de actividad con las respuestas ingresadas en un archivo de Excel o una hoja de c\u00e1lculo de Google.<\/li><\/ul>\n\n\n\n<h4 class=\"wp-block-heading\">\u00bfC\u00d3MO SE USA?<\/h4>\n\n\n\n<ol><li>Para comenzar a crear actividades en Socrative debes registrarte como docente (\u201cTeacher Login\u201d). Para ello necesitar\u00e1s colocar tu direcci\u00f3n de mail y una contrase\u00f1a. Tambi\u00e9n puedes ingresar utilizando Google+.<\/li><li>Selecciona una actividad de las que Socrative te ofrece: test de opci\u00f3n m\u00faltiple, verdadero o falso, preguntas con respuesta corta, cuestionario r\u00e1pido, etc.<\/li><li>Socrative te brindar\u00e1 un c\u00f3digo llamado \u201cn\u00famero de habitaci\u00f3n\u201d (\u201croom number\u201d) para que los participantes invitados se unan a tus actividades.<\/li><li>Los participantes deben ingresar como estudiantes desde sus dispositivos, haciendo clic en \u201cStudent login\u201d. Luego deben colocar el \u201cn\u00famero de habitaci\u00f3n\u201d y comenzar a responder.<\/li><li>Las respuestas se proyectar\u00e1n de manera instant\u00e1nea en tu dispositivo.<\/li><li>Esta aplicaci\u00f3n funciona desde un celular, tablet o computadora, y tiene un l\u00edmite de 50 participantes por \u201chabitaci\u00f3n\u201d.<\/li><li>Este sitio se encuentra en ingl\u00e9s. Si necesitas traducirlo, te recomendamos utilizar un traductor online.<\/li><\/ol>\n\n\n\n<p>_________________________________________________________________________________________________________________________<\/p>\n\n\n\n<h1 class=\"wp-block-heading\">Tagul \u2013 crea nubes de palabras<\/h1>\n\n\n\n<p>INGRESA A:&nbsp;<a href=\"https:\/\/wordart.com\/\">https:\/\/wordart.com\/<\/a><\/p>\n\n\n\n<figure class=\"wp-block-image\"><img decoding=\"async\" src=\"https:\/\/www.educarchile.cl\/sites\/default\/files\/2020-02\/Portada_tagul.PNG\" alt=\"Portada Tagul\" title=\"Portada Tagul\"\/><\/figure>\n\n\n\n<h4 class=\"wp-block-heading\">\u00bfQU\u00c9 ES?<\/h4>\n\n\n\n<p>Tagul es una herramienta en l\u00ednea que permite:<\/p>\n\n\n\n<ul><li>Crear nubes de palabras interactivas.<\/li><li>Asignar un enlace a cada palabra.<\/li><li>Editar colores, tipograf\u00edas, animaciones, formas.<\/li><li>Imprimir, descargar, guardar y compartir la nube de palabras.<\/li><\/ul>\n\n\n\n<h4 class=\"wp-block-heading\">\u00bfC\u00d3MO SE USA?<\/h4>\n\n\n\n<ol><li>Reg\u00edstrate en Tagul con tu cuenta de mail o a trav\u00e9s de Facebook, Google o Twitter.<\/li><li>Comienza a crear una nube de palabras desde la opci\u00f3n \u00abCreate new word cloud\u00bb (Crear nueva nube de palabras).<\/li><li>Coloca un t\u00edtulo a tu nube de palabras y completa el listado de palabras que quieras agregar.<\/li><li>Si lo deseas, agr\u00e9gale un enlace web a cada palabra desde el bot\u00f3n \u00abLink options\u00bb (opciones de enlace).<\/li><li>Edita el formato de la nube desde \u00abShapes\u00bb (Formas), la tipograf\u00eda desde la pesta\u00f1a \u00abFonts\u00bb (Fuentes), la orientaci\u00f3n y repetici\u00f3n de las palabras desde \u00abLayout\u00bb (Dise\u00f1o), los colores y animaciones desde \u00abColors and Animations\u00bb.<\/li><li>Haz clic en \u00abVisualize\u00bb a medida que quieras ir viendo las cambios en tu nube de palabras.<\/li><li>Guarda los cambios haciendo clic en \u00abSave changes\u00bb.<\/li><li>Imprime tu nube de palabras desde \u00abPrint\u00bb.<\/li><li>Descarga y comparte tu nube de palabras haciendo clic en \u00abDownload and Share\u00bb.<\/li><li>Este sitio se encuentra en ingl\u00e9s. Si necesitas traducirlo, te recomendamos utilizar un traductor online.<\/li><\/ol>\n","protected":false},"excerpt":{"rendered":"<p>Newspaper Club \u2013 Crea peri\u00f3dicos en l\u00ednea INGRESA A :&nbsp;https:\/\/www.newspaperclub.com\/ \u00bfQU\u00c9 ES? Newspaper Club es una herramienta web que permite: Crear peri\u00f3dicos utilizando una plantilla predise\u00f1ada o comenzando en blanco. Adjuntar im\u00e1genes desde el computador o desde la web. Redactar art\u00edculos propios o embeberlos desde la web. Realizar cambios de dise\u00f1o y tipograf\u00eda. Descargar los &#8230; <a title=\"CONSTRUYE CON TIC\" class=\"read-more\" href=\"https:\/\/isfdni-for.infd.edu.ar\/sitio\/construye-con-tic\/\" aria-label=\"More on CONSTRUYE CON TIC\">[+]<\/a><\/p>\n","protected":false},"author":175,"featured_media":0,"parent":0,"menu_order":0,"comment_status":"closed","ping_status":"closed","template":"","meta":[],"acf":[],"_links":{"self":[{"href":"https:\/\/isfdni-for.infd.edu.ar\/sitio\/wp-json\/wp\/v2\/pages\/1193"}],"collection":[{"href":"https:\/\/isfdni-for.infd.edu.ar\/sitio\/wp-json\/wp\/v2\/pages"}],"about":[{"href":"https:\/\/isfdni-for.infd.edu.ar\/sitio\/wp-json\/wp\/v2\/types\/page"}],"author":[{"embeddable":true,"href":"https:\/\/isfdni-for.infd.edu.ar\/sitio\/wp-json\/wp\/v2\/users\/175"}],"replies":[{"embeddable":true,"href":"https:\/\/isfdni-for.infd.edu.ar\/sitio\/wp-json\/wp\/v2\/comments?post=1193"}],"version-history":[{"count":1,"href":"https:\/\/isfdni-for.infd.edu.ar\/sitio\/wp-json\/wp\/v2\/pages\/1193\/revisions"}],"predecessor-version":[{"id":1194,"href":"https:\/\/isfdni-for.infd.edu.ar\/sitio\/wp-json\/wp\/v2\/pages\/1193\/revisions\/1194"}],"wp:attachment":[{"href":"https:\/\/isfdni-for.infd.edu.ar\/sitio\/wp-json\/wp\/v2\/media?parent=1193"}],"curies":[{"name":"wp","href":"https:\/\/api.w.org\/{rel}","templated":true}]}}